{"id":1859,"date":"2025-02-18T03:20:42","date_gmt":"2025-02-18T02:20:42","guid":{"rendered":"https:\/\/www.europressvinyl.com\/2025\/?page_id=1859"},"modified":"2025-04-24T14:55:25","modified_gmt":"2025-04-24T12:55:25","slug":"europress-vinyl-azienda","status":"publish","type":"page","link":"https:\/\/www.europressvinyl.com\/2025\/europress-vinyl-azienda\/","title":{"rendered":"Europress Vinyl &#8211; L&#8217;azienda"},"content":{"rendered":"\t\t<div data-elementor-type=\"wp-page\" data-elementor-id=\"1859\" class=\"elementor elementor-1859\" data-elementor-post-type=\"page\">\n\t\t\t\t<div class=\"elementor-element elementor-element-f19c5df e-con-full e-flex e-con e-parent\" data-id=\"f19c5df\" data-element_type=\"container\" data-settings=\"{&quot;background_background&quot;:&quot;classic&quot;}\">\n\t\t<div class=\"elementor-element elementor-element-1a7aab8 e-con-full animated-slow e-flex elementor-invisible e-con e-child\" data-id=\"1a7aab8\" data-element_type=\"container\" data-settings=\"{&quot;background_background&quot;:&quot;classic&quot;,&quot;animation&quot;:&quot;fadeInRight&quot;}\">\n\t\t\t\t<\/div>\n\t\t<div class=\"elementor-element elementor-element-75148e5 e-con-full e-flex e-con e-child\" data-id=\"75148e5\" data-element_type=\"container\">\n\t\t\t\t<div class=\"elementor-element elementor-element-6410e01 elementor-invisible elementor-widget elementor-widget-heading\" data-id=\"6410e01\" data-element_type=\"widget\" data-settings=\"{&quot;_animation&quot;:&quot;slideInLeft&quot;}\" data-widget_type=\"heading.default\">\n\t\t\t\t<div class=\"elementor-widget-container\">\n\t\t\t\t\t<h2 class=\"elementor-heading-title elementor-size-default\">EUROPRESS VINYL<\/h2>\t\t\t\t<\/div>\n\t\t\t\t<\/div>\n\t\t\t\t<div class=\"elementor-element elementor-element-b3eb5e0 elementor-invisible elementor-widget elementor-widget-text-editor\" data-id=\"b3eb5e0\" data-element_type=\"widget\" data-settings=\"{&quot;_animation&quot;:&quot;slideInLeft&quot;}\" data-widget_type=\"text-editor.default\">\n\t\t\t\t<div class=\"elementor-widget-container\">\n\t\t\t\t\t\t\t\t\t<p>La storia di Michele nella produzione di supporti fonografici in formato vinile risale al 1980, quando inizia a muovere i primi passi in una stamperia milanese dell\u2019epoca.<br \/>Da l\u00ec in poi, fonder\u00e0 due diverse societ\u00e0 per le stampe di formati a 33 e 45 giri, diventando un vero punto di riferimento per chiunque volesse stampare e confezionare vinili in Italia.<\/p>\t\t\t\t\t\t\t\t<\/div>\n\t\t\t\t<\/div>\n\t\t\t\t<\/div>\n\t\t\t\t<\/div>\n\t\t<div class=\"elementor-element elementor-element-6d2b5c5 e-con-full e-flex e-con e-parent\" data-id=\"6d2b5c5\" data-element_type=\"container\" data-settings=\"{&quot;background_background&quot;:&quot;classic&quot;}\">\n\t\t<div class=\"elementor-element elementor-element-85999ee e-con-full e-flex e-con e-child\" data-id=\"85999ee\" data-element_type=\"container\" data-settings=\"{&quot;background_background&quot;:&quot;classic&quot;}\">\n\t\t\t\t<\/div>\n\t\t<div class=\"elementor-element elementor-element-fc5aca2 e-con-full e-flex e-con e-child\" data-id=\"fc5aca2\" data-element_type=\"container\">\n\t\t\t\t<div class=\"elementor-element elementor-element-b0e6da8 elementor-invisible elementor-widget elementor-widget-heading\" data-id=\"b0e6da8\" data-element_type=\"widget\" data-settings=\"{&quot;_animation&quot;:&quot;slideInRight&quot;}\" data-widget_type=\"heading.default\">\n\t\t\t\t<div class=\"elementor-widget-container\">\n\t\t\t\t\t<h1 class=\"elementor-heading-title elementor-size-default\">MISSION<\/h1>\t\t\t\t<\/div>\n\t\t\t\t<\/div>\n\t\t\t\t<div class=\"elementor-element elementor-element-bc864f8 elementor-invisible elementor-widget elementor-widget-text-editor\" data-id=\"bc864f8\" data-element_type=\"widget\" data-settings=\"{&quot;_animation&quot;:&quot;slideInRight&quot;}\" data-widget_type=\"text-editor.default\">\n\t\t\t\t<div class=\"elementor-widget-container\">\n\t\t\t\t\t\t\t\t\t<div class=\"three-fifth columns\"><div class=\"gdlr-item gdlr-column-shortcode\"><div class=\"three-fifth columns\"><div class=\"gdlr-item gdlr-column-shortcode\"><p>Partner internazionale di oltre 100 etichette tra Major e indipendenti, con l\u2019attenzione sempre rivolta alle esigenze delle etichette discografiche in termini di tempistiche e manifattura di alta qualit\u00e0.<br \/>Europress \u00e8 una delle realt\u00e0 leader nell\u2019industria musicale: una storia di impresa made in Italy che guarda al futuro con dinamismo, maturit\u00e0 e responsabilit\u00e0 ambientale, per continuare a competere sui mercati internazionali e accettare ogni giorno nuove importanti sfide.<\/p><\/div><\/div><\/div><\/div>\t\t\t\t\t\t\t\t<\/div>\n\t\t\t\t<\/div>\n\t\t\t\t<\/div>\n\t\t\t\t<\/div>\n\t\t<div class=\"elementor-element elementor-element-638c9e5 e-con-full e-flex e-con e-parent\" data-id=\"638c9e5\" data-element_type=\"container\" data-settings=\"{&quot;background_background&quot;:&quot;classic&quot;,&quot;background_motion_fx_motion_fx_scrolling&quot;:&quot;yes&quot;,&quot;background_motion_fx_opacity_effect&quot;:&quot;yes&quot;,&quot;background_motion_fx_opacity_range&quot;:{&quot;unit&quot;:&quot;%&quot;,&quot;size&quot;:&quot;&quot;,&quot;sizes&quot;:{&quot;start&quot;:0,&quot;end&quot;:89}},&quot;background_motion_fx_opacity_direction&quot;:&quot;out-in&quot;,&quot;background_motion_fx_opacity_level&quot;:{&quot;unit&quot;:&quot;px&quot;,&quot;size&quot;:10,&quot;sizes&quot;:[]},&quot;background_motion_fx_devices&quot;:[&quot;desktop&quot;,&quot;tablet&quot;,&quot;mobile&quot;]}\">\n\t\t\t\t<div class=\"elementor-element elementor-element-81fae53 elementor-widget elementor-widget-spacer\" data-id=\"81fae53\" data-element_type=\"widget\" data-widget_type=\"spacer.default\">\n\t\t\t\t<div class=\"elementor-widget-container\">\n\t\t\t\t\t\t\t<div class=\"elementor-spacer\">\n\t\t\t<div class=\"elementor-spacer-inner\"><\/div>\n\t\t<\/div>\n\t\t\t\t\t\t<\/div>\n\t\t\t\t<\/div>\n\t\t\t\t<div class=\"elementor-element elementor-element-7886291 elementor-widget elementor-widget-heading\" data-id=\"7886291\" data-element_type=\"widget\" data-widget_type=\"heading.default\">\n\t\t\t\t<div class=\"elementor-widget-container\">\n\t\t\t\t\t<h2 class=\"elementor-heading-title elementor-size-default\">I NOSTRI CLIENTI<\/h2>\t\t\t\t<\/div>\n\t\t\t\t<\/div>\n\t\t\t\t<div class=\"elementor-element elementor-element-22dca4f elementor-widget elementor-widget-spacer\" data-id=\"22dca4f\" data-element_type=\"widget\" data-widget_type=\"spacer.default\">\n\t\t\t\t<div class=\"elementor-widget-container\">\n\t\t\t\t\t\t\t<div class=\"elementor-spacer\">\n\t\t\t<div class=\"elementor-spacer-inner\"><\/div>\n\t\t<\/div>\n\t\t\t\t\t\t<\/div>\n\t\t\t\t<\/div>\n\t\t\t\t<div class=\"elementor-element elementor-element-354feb9 elementor-widget elementor-widget-heading\" data-id=\"354feb9\" data-element_type=\"widget\" data-widget_type=\"heading.default\">\n\t\t\t\t<div class=\"elementor-widget-container\">\n\t\t\t\t\t<h2 class=\"elementor-heading-title elementor-size-default\">LABEL PARTNERS<\/h2>\t\t\t\t<\/div>\n\t\t\t\t<\/div>\n\t\t\t\t<div class=\"elementor-element elementor-element-5f2e53d elementor-widget elementor-widget-spacer\" data-id=\"5f2e53d\" data-element_type=\"widget\" data-widget_type=\"spacer.default\">\n\t\t\t\t<div class=\"elementor-widget-container\">\n\t\t\t\t\t\t\t<div class=\"elementor-spacer\">\n\t\t\t<div class=\"elementor-spacer-inner\"><\/div>\n\t\t<\/div>\n\t\t\t\t\t\t<\/div>\n\t\t\t\t<\/div>\n\t\t\t\t<div class=\"elementor-element elementor-element-475e0e2 elementor-arrows-position-inside elementor-pagination-position-outside elementor-widget elementor-widget-image-carousel\" data-id=\"475e0e2\" data-element_type=\"widget\" data-settings=\"{&quot;slides_to_show&quot;:&quot;5&quot;,&quot;autoplay_speed&quot;:3000,&quot;speed&quot;:800,&quot;navigation&quot;:&quot;both&quot;,&quot;autoplay&quot;:&quot;yes&quot;,&quot;pause_on_hover&quot;:&quot;yes&quot;,&quot;pause_on_interaction&quot;:&quot;yes&quot;,&quot;infinite&quot;:&quot;yes&quot;}\" data-widget_type=\"image-carousel.default\">\n\t\t\t\t<div class=\"elementor-widget-container\">\n\t\t\t\t\t\t\t<div class=\"elementor-image-carousel-wrapper swiper\" role=\"region\" aria-roledescription=\"carousel\" aria-label=\"Carosello d&#039;immagini\" dir=\"ltr\">\n\t\t\t<div class=\"elementor-image-carousel swiper-wrapper\" aria-live=\"off\">\n\t\t\t\t\t\t\t\t<div class=\"swiper-slide\" role=\"group\" aria-roledescription=\"slide\" aria-label=\"1 di 15\"><figure class=\"swiper-slide-inner\"><img decoding=\"async\" class=\"swiper-slide-image\" src=\"https:\/\/www.europressvinyl.com\/2025\/wp-content\/uploads\/elementor\/thumbs\/clientLogo_sugar_500x300px-r2l783bs2a5fn5eua147ldawg8wodh9zbqz4m6jgik.jpg\" alt=\"clientLogo_sugar_500x300px\" \/><\/figure><\/div><div class=\"swiper-slide\" role=\"group\" aria-roledescription=\"slide\" aria-label=\"2 di 15\"><figure class=\"swiper-slide-inner\"><img decoding=\"async\" class=\"swiper-slide-image\" src=\"https:\/\/www.europressvinyl.com\/2025\/wp-content\/uploads\/elementor\/thumbs\/clientLogo_sony_500x300px-r2l781g3om2uzxhkl0aygdrz9h5xy32inho5nmm8v0.jpg\" alt=\"clientLogo_sony_500x300px\" \/><\/figure><\/div><div class=\"swiper-slide\" role=\"group\" aria-roledescription=\"slide\" aria-label=\"3 di 15\"><figure class=\"swiper-slide-inner\"><img decoding=\"async\" class=\"swiper-slide-image\" src=\"https:\/\/www.europressvinyl.com\/2025\/wp-content\/uploads\/elementor\/thumbs\/clientLogo_warner_500x300px-r2l7880z0gbv9780il5cfu47f69ifysn0e8k0kchng.jpg\" alt=\"clientLogo_warner_500x300px\" \/><\/figure><\/div><div class=\"swiper-slide\" role=\"group\" aria-roledescription=\"slide\" aria-label=\"4 di 15\"><figure class=\"swiper-slide-inner\"><img decoding=\"async\" class=\"swiper-slide-image\" src=\"https:\/\/www.europressvinyl.com\/2025\/wp-content\/uploads\/elementor\/thumbs\/clientLogo_universal_500x300px-r44h8jqjq4j8b3nic0fte5efv67wlex5n30mhgit7g.jpg\" alt=\"clientLogo_universal_500x300px\" \/><\/figure><\/div><div class=\"swiper-slide\" role=\"group\" aria-roledescription=\"slide\" aria-label=\"5 di 15\"><figure class=\"swiper-slide-inner\"><img decoding=\"async\" class=\"swiper-slide-image\" src=\"https:\/\/www.europressvinyl.com\/2025\/wp-content\/uploads\/elementor\/thumbs\/clientLogo_narInternational_500x300px-r44got4k7dighwbplh9v14pyrviey8k2xdtjo9sfvg.jpg\" alt=\"clientLogo_narInternational_500x300px\" \/><\/figure><\/div><div class=\"swiper-slide\" role=\"group\" aria-roledescription=\"slide\" aria-label=\"6 di 15\"><figure class=\"swiper-slide-inner\"><img decoding=\"async\" class=\"swiper-slide-image\" src=\"https:\/\/www.europressvinyl.com\/2025\/wp-content\/uploads\/elementor\/thumbs\/clientLogo_selfDistribuzione_500x300px-r44goxtr5jow3y4vu1azvlj9qsv90q2qm12z2nlh0c.jpg\" alt=\"clientLogo_selfDistribuzione_500x300px\" \/><\/figure><\/div><div class=\"swiper-slide\" role=\"group\" aria-roledescription=\"slide\" aria-label=\"7 di 15\"><figure class=\"swiper-slide-inner\"><img decoding=\"async\" class=\"swiper-slide-image\" src=\"https:\/\/www.europressvinyl.com\/2025\/wp-content\/uploads\/elementor\/thumbs\/clientLogo_saifam_500x300px-r44h01b5u4vr680m1bzftaq67k68w34nsycc1955jw.jpg\" alt=\"clientLogo_saifam_500x300px\" \/><\/figure><\/div><div class=\"swiper-slide\" role=\"group\" aria-roledescription=\"slide\" aria-label=\"8 di 15\"><figure class=\"swiper-slide-inner\"><img decoding=\"async\" class=\"swiper-slide-image\" src=\"https:\/\/www.europressvinyl.com\/2025\/wp-content\/uploads\/elementor\/thumbs\/clientLogo_btf_500x300px-r3zm8qtcqqktg0gvrdy8kdszbz5cmu4z5y9vnzaxr0.jpg\" alt=\"clientLogo_btf_500x300px\" \/><\/figure><\/div><div class=\"swiper-slide\" role=\"group\" aria-roledescription=\"slide\" aria-label=\"9 di 15\"><figure class=\"swiper-slide-inner\"><img decoding=\"async\" class=\"swiper-slide-image\" src=\"https:\/\/www.europressvinyl.com\/2025\/wp-content\/uploads\/elementor\/thumbs\/clientLogo_schema_500x300px-r3zmat2lqnegx7h0ps1rjd2e9ezcixbrs5t8ku8u3g.jpg\" alt=\"clientLogo_schema_500x300px\" \/><\/figure><\/div><div class=\"swiper-slide\" role=\"group\" aria-roledescription=\"slide\" aria-label=\"10 di 15\"><figure class=\"swiper-slide-inner\"><img decoding=\"async\" class=\"swiper-slide-image\" src=\"https:\/\/www.europressvinyl.com\/2025\/wp-content\/uploads\/elementor\/thumbs\/clientLogo_saarRecords_500x300px-r44gov08l1l1548zai34648vyn95dmrjln4imtpnj0.jpg\" alt=\"clientLogo_saarRecords_500x300px\" \/><\/figure><\/div><div class=\"swiper-slide\" role=\"group\" aria-roledescription=\"slide\" aria-label=\"11 di 15\"><figure class=\"swiper-slide-inner\"><img decoding=\"async\" class=\"swiper-slide-image\" src=\"https:\/\/www.europressvinyl.com\/2025\/wp-content\/uploads\/elementor\/thumbs\/clientLogo_djangoMusic_500x300px-r4hrvi1bk0eqq2qdo6phhz8xxt1oiglxcdqjbc0m70.jpg\" alt=\"clientLogo_djangoMusic_500x300px\" \/><\/figure><\/div><div class=\"swiper-slide\" role=\"group\" aria-roledescription=\"slide\" aria-label=\"12 di 15\"><figure class=\"swiper-slide-inner\"><img decoding=\"async\" class=\"swiper-slide-image\" src=\"https:\/\/www.europressvinyl.com\/2025\/wp-content\/uploads\/elementor\/thumbs\/clientLogo_frontiers_500x300px-r44gomjovj9g8ml9nwfh1odqm6eugctykh95bc2730.jpg\" alt=\"clientLogo_frontiers_500x300px\" \/><\/figure><\/div><div class=\"swiper-slide\" role=\"group\" aria-roledescription=\"slide\" aria-label=\"13 di 15\"><figure class=\"swiper-slide-inner\"><img decoding=\"async\" class=\"swiper-slide-image\" src=\"https:\/\/www.europressvinyl.com\/2025\/wp-content\/uploads\/elementor\/thumbs\/clientLogo_goodyMusic_500x300px-r44gopd7g1db7gh67fncr5o4ec0y3g55kv7lr5y0kc.jpg\" alt=\"clientLogo_goodyMusic_500x300px\" \/><\/figure><\/div><div class=\"swiper-slide\" role=\"group\" aria-roledescription=\"slide\" aria-label=\"14 di 15\"><figure class=\"swiper-slide-inner\"><img decoding=\"async\" class=\"swiper-slide-image\" src=\"https:\/\/www.europressvinyl.com\/2025\/wp-content\/uploads\/elementor\/thumbs\/clientLogo_halidonMusic_500x300px-r44gor8vtpfvuoefwgglw571l3roiucm94ikppv87w.jpg\" alt=\"clientLogo_halidonMusic_500x300px\" \/><\/figure><\/div><div class=\"swiper-slide\" role=\"group\" aria-roledescription=\"slide\" aria-label=\"15 di 15\"><figure class=\"swiper-slide-inner\"><img decoding=\"async\" class=\"swiper-slide-image\" src=\"https:\/\/www.europressvinyl.com\/2025\/wp-content\/uploads\/elementor\/thumbs\/clientLogo_ada_500x300px-r44gozpfj7rgr625j2490l26xklzg4a7aady17ionw.jpg\" alt=\"clientLogo_ada_500x300px\" \/><\/figure><\/div>\t\t\t<\/div>\n\t\t\t\t\t\t\t\t\t\t\t\t<div class=\"elementor-swiper-button elementor-swiper-button-prev\" role=\"button\" tabindex=\"0\">\n\t\t\t\t\t\t<svg aria-hidden=\"true\" class=\"e-font-icon-svg e-fas-arrow-alt-circle-left\" viewBox=\"0 0 512 512\" xmlns=\"http:\/\/www.w3.org\/2000\/svg\"><path d=\"M256 504C119 504 8 393 8 256S119 8 256 8s248 111 248 248-111 248-248 248zm116-292H256v-70.9c0-10.7-13-16.1-20.5-8.5L121.2 247.5c-4.7 4.7-4.7 12.2 0 16.9l114.3 114.9c7.6 7.6 20.5 2.2 20.5-8.5V300h116c6.6 0 12-5.4 12-12v-64c0-6.6-5.4-12-12-12z\"><\/path><\/svg>\t\t\t\t\t<\/div>\n\t\t\t\t\t<div class=\"elementor-swiper-button elementor-swiper-button-next\" role=\"button\" tabindex=\"0\">\n\t\t\t\t\t\t<svg aria-hidden=\"true\" class=\"e-font-icon-svg e-fas-arrow-alt-circle-right\" viewBox=\"0 0 512 512\" xmlns=\"http:\/\/www.w3.org\/2000\/svg\"><path d=\"M256 8c137 0 248 111 248 248S393 504 256 504 8 393 8 256 119 8 256 8zM140 300h116v70.9c0 10.7 13 16.1 20.5 8.5l114.3-114.9c4.7-4.7 4.7-12.2 0-16.9l-114.3-115c-7.6-7.6-20.5-2.2-20.5 8.5V212H140c-6.6 0-12 5.4-12 12v64c0 6.6 5.4 12 12 12z\"><\/path><\/svg>\t\t\t\t\t<\/div>\n\t\t\t\t\n\t\t\t\t\t\t\t\t\t<div class=\"swiper-pagination\"><\/div>\n\t\t\t\t\t\t\t\t\t<\/div>\n\t\t\t\t\t\t<\/div>\n\t\t\t\t<\/div>\n\t\t\t\t<div class=\"elementor-element elementor-element-a618554 elementor-widget elementor-widget-spacer\" data-id=\"a618554\" data-element_type=\"widget\" data-widget_type=\"spacer.default\">\n\t\t\t\t<div class=\"elementor-widget-container\">\n\t\t\t\t\t\t\t<div class=\"elementor-spacer\">\n\t\t\t<div class=\"elementor-spacer-inner\"><\/div>\n\t\t<\/div>\n\t\t\t\t\t\t<\/div>\n\t\t\t\t<\/div>\n\t\t\t\t<\/div>\n\t\t<div class=\"elementor-element elementor-element-3aa0224 e-con-full e-flex e-con e-parent\" data-id=\"3aa0224\" data-element_type=\"container\" data-settings=\"{&quot;background_background&quot;:&quot;classic&quot;,&quot;background_motion_fx_motion_fx_scrolling&quot;:&quot;yes&quot;,&quot;background_motion_fx_devices&quot;:[&quot;desktop&quot;,&quot;tablet&quot;,&quot;mobile&quot;]}\">\n\t\t\t\t<div class=\"elementor-element elementor-element-f503c56 elementor-widget elementor-widget-spacer\" data-id=\"f503c56\" data-element_type=\"widget\" data-widget_type=\"spacer.default\">\n\t\t\t\t<div class=\"elementor-widget-container\">\n\t\t\t\t\t\t\t<div class=\"elementor-spacer\">\n\t\t\t<div class=\"elementor-spacer-inner\"><\/div>\n\t\t<\/div>\n\t\t\t\t\t\t<\/div>\n\t\t\t\t<\/div>\n\t\t\t\t<div class=\"elementor-element elementor-element-1fca68d elementor-widget elementor-widget-heading\" data-id=\"1fca68d\" data-element_type=\"widget\" data-widget_type=\"heading.default\">\n\t\t\t\t<div class=\"elementor-widget-container\">\n\t\t\t\t\t<h2 class=\"elementor-heading-title elementor-size-default\">LE NOSTRE AREE PRODUTTIVE<\/h2>\t\t\t\t<\/div>\n\t\t\t\t<\/div>\n\t\t\t\t<div class=\"elementor-element elementor-element-bb42c6f elementor-widget elementor-widget-spacer\" data-id=\"bb42c6f\" data-element_type=\"widget\" data-widget_type=\"spacer.default\">\n\t\t\t\t<div class=\"elementor-widget-container\">\n\t\t\t\t\t\t\t<div class=\"elementor-spacer\">\n\t\t\t<div class=\"elementor-spacer-inner\"><\/div>\n\t\t<\/div>\n\t\t\t\t\t\t<\/div>\n\t\t\t\t<\/div>\n\t\t<div class=\"elementor-element elementor-element-402c687 e-grid e-con-boxed e-con e-child\" data-id=\"402c687\" data-element_type=\"container\" data-settings=\"{&quot;background_background&quot;:&quot;classic&quot;}\">\n\t\t\t\t\t<div class=\"e-con-inner\">\n\t\t<div class=\"elementor-element elementor-element-6001ced e-con-full e-flex e-con e-child\" data-id=\"6001ced\" data-element_type=\"container\">\n\t\t\t\t<div class=\"elementor-element elementor-element-e58d318 elementor-widget elementor-widget-image\" data-id=\"e58d318\" data-element_type=\"widget\" data-widget_type=\"image.default\">\n\t\t\t\t<div class=\"elementor-widget-container\">\n\t\t\t\t\t\t\t\t\t\t\t\t\t\t\t<img fetchpriority=\"high\" decoding=\"async\" width=\"800\" height=\"284\" src=\"https:\/\/www.europressvinyl.com\/2025\/wp-content\/uploads\/2025\/04\/europress-vinyl-aree-produttive-eurographic-light-grey-1024x364.jpg\" class=\"attachment-large size-large wp-image-2592\" alt=\"\" srcset=\"https:\/\/www.europressvinyl.com\/2025\/wp-content\/uploads\/2025\/04\/europress-vinyl-aree-produttive-eurographic-light-grey-1024x364.jpg 1024w, https:\/\/www.europressvinyl.com\/2025\/wp-content\/uploads\/2025\/04\/europress-vinyl-aree-produttive-eurographic-light-grey-300x107.jpg 300w, https:\/\/www.europressvinyl.com\/2025\/wp-content\/uploads\/2025\/04\/europress-vinyl-aree-produttive-eurographic-light-grey-768x273.jpg 768w, https:\/\/www.europressvinyl.com\/2025\/wp-content\/uploads\/2025\/04\/europress-vinyl-aree-produttive-eurographic-light-grey-1536x547.jpg 1536w, https:\/\/www.europressvinyl.com\/2025\/wp-content\/uploads\/2025\/04\/europress-vinyl-aree-produttive-eurographic-light-grey.jpg 1571w\" sizes=\"(max-width: 800px) 100vw, 800px\" \/>\t\t\t\t\t\t\t\t\t\t\t\t\t\t\t<\/div>\n\t\t\t\t<\/div>\n\t\t<div class=\"elementor-element elementor-element-b87f467 e-con-full e-flex e-con e-child\" data-id=\"b87f467\" data-element_type=\"container\">\n\t\t\t\t<div class=\"elementor-element elementor-element-254844f elementor-widget elementor-widget-text-editor\" data-id=\"254844f\" data-element_type=\"widget\" data-widget_type=\"text-editor.default\">\n\t\t\t\t<div class=\"elementor-widget-container\">\n\t\t\t\t\t\t\t\t\t<p>EUROGRAPHIC<\/p><p>Azienda &#8216;gemella&#8217; di Europress Vinyl, dagli anni &#8217;80 specializzata nella realizzazione di packaging secondario di alta qualit\u00e0 nei mercati discografico, cosmetico e farmaceutico.<\/p><p><a href=\"https:\/\/eurographicsrl.com\" target=\"_blank\" rel=\"noopener\">eurographicsrl.com<\/a><\/p>\t\t\t\t\t\t\t\t<\/div>\n\t\t\t\t<\/div>\n\t\t\t\t<div class=\"elementor-element elementor-element-d450e49 elementor-widget elementor-widget-spacer\" data-id=\"d450e49\" data-element_type=\"widget\" data-widget_type=\"spacer.default\">\n\t\t\t\t<div class=\"elementor-widget-container\">\n\t\t\t\t\t\t\t<div class=\"elementor-spacer\">\n\t\t\t<div class=\"elementor-spacer-inner\"><\/div>\n\t\t<\/div>\n\t\t\t\t\t\t<\/div>\n\t\t\t\t<\/div>\n\t\t\t\t<\/div>\n\t\t\t\t<\/div>\n\t\t\t\t\t<\/div>\n\t\t\t\t<\/div>\n\t\t\t\t<div class=\"elementor-element elementor-element-4120fb8 elementor-widget elementor-widget-spacer\" data-id=\"4120fb8\" data-element_type=\"widget\" data-widget_type=\"spacer.default\">\n\t\t\t\t<div class=\"elementor-widget-container\">\n\t\t\t\t\t\t\t<div class=\"elementor-spacer\">\n\t\t\t<div class=\"elementor-spacer-inner\"><\/div>\n\t\t<\/div>\n\t\t\t\t\t\t<\/div>\n\t\t\t\t<\/div>\n\t\t\t\t<\/div>\n\t\t\t\t<\/div>\n\t\t","protected":false},"excerpt":{"rendered":"<p>EUROPRESS VINYL La storia di Michele nella produzione di supporti fonografici in formato vinile risale al 1980, quando inizia a muovere i primi passi in una stamperia milanese dell\u2019epoca.Da l\u00ec in poi, fonder\u00e0 due diverse societ\u00e0 per le stampe di formati a 33 e 45 giri, diventando un vero punto di riferimento per chiunque volesse [&hellip;]<\/p>\n","protected":false},"author":1,"featured_media":0,"parent":0,"menu_order":0,"comment_status":"closed","ping_status":"closed","template":"","meta":{"footnotes":""},"class_list":["post-1859","page","type-page","status-publish","hentry"],"_links":{"self":[{"href":"https:\/\/www.europressvinyl.com\/2025\/wp-json\/wp\/v2\/pages\/1859","targetHints":{"allow":["GET"]}}],"collection":[{"href":"https:\/\/www.europressvinyl.com\/2025\/wp-json\/wp\/v2\/pages"}],"about":[{"href":"https:\/\/www.europressvinyl.com\/2025\/wp-json\/wp\/v2\/types\/page"}],"author":[{"embeddable":true,"href":"https:\/\/www.europressvinyl.com\/2025\/wp-json\/wp\/v2\/users\/1"}],"replies":[{"embeddable":true,"href":"https:\/\/www.europressvinyl.com\/2025\/wp-json\/wp\/v2\/comments?post=1859"}],"version-history":[{"count":76,"href":"https:\/\/www.europressvinyl.com\/2025\/wp-json\/wp\/v2\/pages\/1859\/revisions"}],"predecessor-version":[{"id":3014,"href":"https:\/\/www.europressvinyl.com\/2025\/wp-json\/wp\/v2\/pages\/1859\/revisions\/3014"}],"wp:attachment":[{"href":"https:\/\/www.europressvinyl.com\/2025\/wp-json\/wp\/v2\/media?parent=1859"}],"curies":[{"name":"wp","href":"https:\/\/api.w.org\/{rel}","templated":true}]}}