{"id":2307,"date":"2025-03-17T12:49:13","date_gmt":"2025-03-17T11:49:13","guid":{"rendered":"https:\/\/www.europressvinyl.com\/2025\/?page_id=2307"},"modified":"2025-04-24T14:55:16","modified_gmt":"2025-04-24T12:55:16","slug":"europress-vinyl-ciclo-produttivo","status":"publish","type":"page","link":"https:\/\/www.europressvinyl.com\/2025\/europress-vinyl-ciclo-produttivo\/","title":{"rendered":"Europress Vinyl &#8211; Il Ciclo Produttivo"},"content":{"rendered":"\t\t<div data-elementor-type=\"wp-page\" data-elementor-id=\"2307\" class=\"elementor elementor-2307\" data-elementor-post-type=\"page\">\n\t\t\t\t<div class=\"elementor-element elementor-element-cb7d7a6 e-flex e-con-boxed e-con e-parent\" data-id=\"cb7d7a6\" data-element_type=\"container\" data-settings=\"{&quot;background_background&quot;:&quot;classic&quot;,&quot;background_motion_fx_motion_fx_scrolling&quot;:&quot;yes&quot;,&quot;background_motion_fx_opacity_effect&quot;:&quot;yes&quot;,&quot;background_motion_fx_opacity_range&quot;:{&quot;unit&quot;:&quot;%&quot;,&quot;size&quot;:&quot;&quot;,&quot;sizes&quot;:{&quot;start&quot;:0,&quot;end&quot;:89}},&quot;background_motion_fx_opacity_direction&quot;:&quot;out-in&quot;,&quot;background_motion_fx_opacity_level&quot;:{&quot;unit&quot;:&quot;px&quot;,&quot;size&quot;:10,&quot;sizes&quot;:[]},&quot;background_motion_fx_devices&quot;:[&quot;desktop&quot;,&quot;tablet&quot;,&quot;mobile&quot;]}\">\n\t\t\t\t\t<div class=\"e-con-inner\">\n\t\t\t\t<div class=\"elementor-element elementor-element-dd03dce elementor-widget elementor-widget-heading\" data-id=\"dd03dce\" data-element_type=\"widget\" data-widget_type=\"heading.default\">\n\t\t\t\t<div class=\"elementor-widget-container\">\n\t\t\t\t\t<h2 class=\"elementor-heading-title elementor-size-default\">IL VALORE ARTIGIANALE <br\/>\nPER UN SUONO DI QUALIT\u00c0<\/h2>\t\t\t\t<\/div>\n\t\t\t\t<\/div>\n\t\t\t\t\t<\/div>\n\t\t\t\t<\/div>\n\t\t<div class=\"elementor-element elementor-element-45b0cc9 e-con-full e-flex e-con e-parent\" data-id=\"45b0cc9\" data-element_type=\"container\" data-settings=\"{&quot;background_background&quot;:&quot;classic&quot;}\">\n\t\t<div class=\"elementor-element elementor-element-df69d63 e-con-full e-flex elementor-invisible e-con e-child\" data-id=\"df69d63\" data-element_type=\"container\" data-settings=\"{&quot;animation&quot;:&quot;slideInLeft&quot;}\">\n\t\t\t\t<div class=\"elementor-element elementor-element-29948d6 elementor-widget elementor-widget-heading\" data-id=\"29948d6\" data-element_type=\"widget\" data-settings=\"{&quot;_animation&quot;:&quot;none&quot;}\" data-widget_type=\"heading.default\">\n\t\t\t\t<div class=\"elementor-widget-container\">\n\t\t\t\t\t<h2 class=\"elementor-heading-title elementor-size-default\">MASTERING E CUTTING<\/h2>\t\t\t\t<\/div>\n\t\t\t\t<\/div>\n\t\t\t\t<div class=\"elementor-element elementor-element-f954b41 elementor-widget elementor-widget-text-editor\" data-id=\"f954b41\" data-element_type=\"widget\" data-settings=\"{&quot;_animation&quot;:&quot;none&quot;}\" data-widget_type=\"text-editor.default\">\n\t\t\t\t<div class=\"elementor-widget-container\">\n\t\t\t\t\t\t\t\t\t<p>Il processo di produzione di un vinile inizia dai master, che oggi sono solitamente file digitali ad alta risoluzione. <br \/>Le tracce audio vengono ascoltate e successivamente ottimizzate, con l&#8217;obiettivo di equilibrare il suono originale con le specificit\u00e0 della riproduzione in vinile.<br \/>Una volta completato il controllo su file audio si passa alla realizzazione dell\u2019acetato: <br \/>un primo disco che riporter\u00e0 l&#8217;incisione originale, da cui si generer\u00e0 la matrice (o stampatore) utilizzata per la stampa di tutti i vinili.<\/p>\t\t\t\t\t\t\t\t<\/div>\n\t\t\t\t<\/div>\n\t\t\t\t<\/div>\n\t\t\t\t<\/div>\n\t\t<div class=\"elementor-element elementor-element-9e0d843 e-con-full e-flex e-con e-parent\" data-id=\"9e0d843\" data-element_type=\"container\" data-settings=\"{&quot;background_background&quot;:&quot;classic&quot;}\">\n\t\t<div class=\"elementor-element elementor-element-97d5ba5 e-con-full e-flex e-con e-child\" data-id=\"97d5ba5\" data-element_type=\"container\" data-settings=\"{&quot;background_background&quot;:&quot;video&quot;,&quot;background_video_link&quot;:&quot;https:\\\/\\\/www.europressvinyl.com\\\/2025\\\/wp-content\\\/uploads\\\/2025\\\/03\\\/europress-vinyl-galvanica.mp4&quot;}\">\n\t\t<div class=\"elementor-background-video-container elementor-hidden-mobile\">\n\t\t\t\t\t\t\t<video class=\"elementor-background-video-hosted\" autoplay muted playsinline loop><\/video>\n\t\t\t\t\t<\/div>\t\t<\/div>\n\t\t<div class=\"elementor-element elementor-element-fe5001e e-con-full e-flex elementor-invisible e-con e-child\" data-id=\"fe5001e\" data-element_type=\"container\" data-settings=\"{&quot;animation&quot;:&quot;slideInRight&quot;}\">\n\t\t\t\t<div class=\"elementor-element elementor-element-92523bf elementor-widget elementor-widget-heading\" data-id=\"92523bf\" data-element_type=\"widget\" data-widget_type=\"heading.default\">\n\t\t\t\t<div class=\"elementor-widget-container\">\n\t\t\t\t\t<h2 class=\"elementor-heading-title elementor-size-default\">SVILUPPO GALVANICO: METAL WORKS <\/h2>\t\t\t\t<\/div>\n\t\t\t\t<\/div>\n\t\t\t\t<div class=\"elementor-element elementor-element-92b98bf elementor-widget elementor-widget-text-editor\" data-id=\"92b98bf\" data-element_type=\"widget\" data-widget_type=\"text-editor.default\">\n\t\t\t\t<div class=\"elementor-widget-container\">\n\t\t\t\t\t\t\t\t\t<p><strong>FASE 1<\/strong>\u00a0 Nel processo di studio del mastering in laboratorio, l\u2019acetato viene inizialmente sgrassato e poi iniziato alla fase di argentatura: poich\u00e9 la matrice di stampa sar\u00e0 realizzata in nickel, \u00e8 necessario stendere un sottile velo di argento in modo che il materiale utilizzato, attraverso un procedimento galvanico, si possa fissare sulla superficie incisa dell&#8217;acetato.<\/p><p><strong>FASE 2<\/strong>\u00a0 Un ulteriore processo galvanico, in cui il negativo, attraverso un nuovo accumulo di nickel sulla sua superficie, genera un positivo, questa volta di nickel 100% che verr\u00e0 ascoltato per verificare che non ci siano rumori estranei alla musica.<\/p><p><strong>FASE 3<\/strong>\u00a0 Dopo l&#8217;ascolto si effettua un terzo processo galvanico con la realizzazione dello stampatore: questa \u00e8 la vera matrice per la stampa dei vinili che saranno ascoltati sui giradischi degli appassionati di tutto il mondo!<\/p>\t\t\t\t\t\t\t\t<\/div>\n\t\t\t\t<\/div>\n\t\t\t\t<\/div>\n\t\t\t\t<\/div>\n\t\t<div class=\"elementor-element elementor-element-b87cba0 e-con-full e-flex e-con e-parent\" data-id=\"b87cba0\" data-element_type=\"container\" data-settings=\"{&quot;background_background&quot;:&quot;classic&quot;}\">\n\t\t<div class=\"elementor-element elementor-element-87def4c e-con-full e-flex e-con e-child\" data-id=\"87def4c\" data-element_type=\"container\" data-settings=\"{&quot;background_background&quot;:&quot;classic&quot;}\">\n\t\t\t\t<\/div>\n\t\t<div class=\"elementor-element elementor-element-4812b8e e-con-full e-flex elementor-invisible e-con e-child\" data-id=\"4812b8e\" data-element_type=\"container\" data-settings=\"{&quot;animation&quot;:&quot;slideInLeft&quot;}\">\n\t\t\t\t<div class=\"elementor-element elementor-element-db05b02 elementor-widget elementor-widget-heading\" data-id=\"db05b02\" data-element_type=\"widget\" data-widget_type=\"heading.default\">\n\t\t\t\t<div class=\"elementor-widget-container\">\n\t\t\t\t\t<h2 class=\"elementor-heading-title elementor-size-default\">PRESSING<\/h2>\t\t\t\t<\/div>\n\t\t\t\t<\/div>\n\t\t\t\t<div class=\"elementor-element elementor-element-481a9bb elementor-widget elementor-widget-text-editor\" data-id=\"481a9bb\" data-element_type=\"widget\" data-widget_type=\"text-editor.default\">\n\t\t\t\t<div class=\"elementor-widget-container\">\n\t\t\t\t\t\t\t\t\t<p>I negativi prodotti durante lo sviluppo galvanico vengono montati sulle piastre della pressa.<br \/>Il materiale vinilico viene riscaldato e inviato ad una pastigliatrice per creare un panetto di cloruro di polivinile (PVC) che, insieme alle etichette, viene pressato per ottenere un disco.<\/p>\t\t\t\t\t\t\t\t<\/div>\n\t\t\t\t<\/div>\n\t\t\t\t<\/div>\n\t\t\t\t<\/div>\n\t\t<div class=\"elementor-element elementor-element-8fdaa8a e-con-full e-flex e-con e-parent\" data-id=\"8fdaa8a\" data-element_type=\"container\" data-settings=\"{&quot;background_background&quot;:&quot;classic&quot;}\">\n\t\t<div class=\"elementor-element elementor-element-60c018b e-con-full e-flex e-con e-child\" data-id=\"60c018b\" data-element_type=\"container\">\n\t\t\t\t<\/div>\n\t\t<div class=\"elementor-element elementor-element-f6b4f03 e-con-full e-flex elementor-invisible e-con e-child\" data-id=\"f6b4f03\" data-element_type=\"container\" data-settings=\"{&quot;animation&quot;:&quot;slideInLeft&quot;}\">\n\t\t\t\t<div class=\"elementor-element elementor-element-b8e49e5 elementor-widget elementor-widget-heading\" data-id=\"b8e49e5\" data-element_type=\"widget\" data-widget_type=\"heading.default\">\n\t\t\t\t<div class=\"elementor-widget-container\">\n\t\t\t\t\t<h2 class=\"elementor-heading-title elementor-size-default\">STAMPA DELLA COPERTINA<\/h2>\t\t\t\t<\/div>\n\t\t\t\t<\/div>\n\t\t\t\t<div class=\"elementor-element elementor-element-267dcad elementor-widget elementor-widget-text-editor\" data-id=\"267dcad\" data-element_type=\"widget\" data-widget_type=\"text-editor.default\">\n\t\t\t\t<div class=\"elementor-widget-container\">\n\t\t\t\t\t\t\t\t\t<p>Copertina ed etichette vengono realizzate da macchine con tecnologia pluricolori UV in grado di stampare su qualsiasi tipo di supporto.<br \/>Ogni dettaglio delle grafiche \u00e8 curato nei minimi particolari in fase di avviamento stampa.<\/p>\t\t\t\t\t\t\t\t<\/div>\n\t\t\t\t<\/div>\n\t\t\t\t<\/div>\n\t\t\t\t<\/div>\n\t\t<div class=\"elementor-element elementor-element-0407939 e-con-full e-flex e-con e-parent\" data-id=\"0407939\" data-element_type=\"container\" data-settings=\"{&quot;background_background&quot;:&quot;classic&quot;}\">\n\t\t<div class=\"elementor-element elementor-element-0b68182 e-con-full e-flex e-con e-child\" data-id=\"0b68182\" data-element_type=\"container\" data-settings=\"{&quot;background_background&quot;:&quot;video&quot;,&quot;background_video_link&quot;:&quot;https:\\\/\\\/www.europressvinyl.com\\\/2025\\\/wp-content\\\/uploads\\\/2025\\\/03\\\/europress-vinyl-confezionamento-2.mp4&quot;}\">\n\t\t<div class=\"elementor-background-video-container elementor-hidden-mobile\">\n\t\t\t\t\t\t\t<video class=\"elementor-background-video-hosted\" autoplay muted playsinline loop><\/video>\n\t\t\t\t\t<\/div>\t\t<\/div>\n\t\t<div class=\"elementor-element elementor-element-27f2d25 e-con-full e-flex elementor-invisible e-con e-child\" data-id=\"27f2d25\" data-element_type=\"container\" data-settings=\"{&quot;animation&quot;:&quot;slideInRight&quot;}\">\n\t\t\t\t<div class=\"elementor-element elementor-element-32e8a03 elementor-widget elementor-widget-heading\" data-id=\"32e8a03\" data-element_type=\"widget\" data-widget_type=\"heading.default\">\n\t\t\t\t<div class=\"elementor-widget-container\">\n\t\t\t\t\t<h2 class=\"elementor-heading-title elementor-size-default\">CONFEZIONAMENTO<\/h2>\t\t\t\t<\/div>\n\t\t\t\t<\/div>\n\t\t\t\t<div class=\"elementor-element elementor-element-7d72085 elementor-widget elementor-widget-text-editor\" data-id=\"7d72085\" data-element_type=\"widget\" data-widget_type=\"text-editor.default\">\n\t\t\t\t<div class=\"elementor-widget-container\">\n\t\t\t\t\t\t\t\t\t<p>A questo punto il disco \u00e8 pronto per essere inserito nel suo gatefold o bauletto, chiudendo cos\u00ec il ciclo produttivo dei nostri amati vinili.<\/p><p>Europress Vinyl garantisce un <strong><em>full service<\/em><\/strong> e la gestione interna di tutto il processo di confezionamento del disco grazie alla partnership con <span style=\"color: #33cccc;\"><strong><a style=\"color: #33cccc;\" href=\"https:\/\/eurographicsrl.com\" target=\"_blank\" rel=\"noopener\">Eurographic Srl<\/a><\/strong><\/span>.<\/p>\t\t\t\t\t\t\t\t<\/div>\n\t\t\t\t<\/div>\n\t\t\t\t<\/div>\n\t\t\t\t<\/div>\n\t\t<div class=\"elementor-element elementor-element-98b19a4 e-con-full e-flex e-con e-parent\" data-id=\"98b19a4\" data-element_type=\"container\" data-settings=\"{&quot;background_background&quot;:&quot;classic&quot;}\">\n\t\t<div class=\"elementor-element elementor-element-825bcb8 e-con-full e-flex e-con e-child\" data-id=\"825bcb8\" data-element_type=\"container\">\n\t\t\t\t<div class=\"elementor-element elementor-element-90559d1 elementor-widget elementor-widget-heading\" data-id=\"90559d1\" data-element_type=\"widget\" data-widget_type=\"heading.default\">\n\t\t\t\t<div class=\"elementor-widget-container\">\n\t\t\t\t\t<h2 class=\"elementor-heading-title elementor-size-default\">SIAMO PRONTI A INCIDERE<BR \/>LA VOSTRA MUSICA<\/h2>\t\t\t\t<\/div>\n\t\t\t\t<\/div>\n\t\t\t\t<div class=\"elementor-element elementor-element-7fdcced elementor-align-right elementor-widget__width-initial grf-button-icon elementor-widget elementor-widget-button\" data-id=\"7fdcced\" data-element_type=\"widget\" data-widget_type=\"button.default\">\n\t\t\t\t<div class=\"elementor-widget-container\">\n\t\t\t\t\t\t\t\t\t<div class=\"elementor-button-wrapper\">\n\t\t\t\t\t<a class=\"elementor-button elementor-button-link elementor-size-sm\" href=\"https:\/\/www.europressvinyl.com\/2025\/europress-vinyl-contatti\/\">\n\t\t\t\t\t\t<span class=\"elementor-button-content-wrapper\">\n\t\t\t\t\t\t<span class=\"elementor-button-icon\">\n\t\t\t\t<svg xmlns=\"http:\/\/www.w3.org\/2000\/svg\" viewBox=\"0 0 425.2 425.2\"><defs><style>      .cls-1 {        fill: #6ebbe9;      }    <\/style><\/defs><g><g id=\"Livello_1\"><path class=\"cls-1\" d=\"M0,0v425.2h425.2V0H0ZM367,222.9h-28.5v-104l-167.9,167.9-20.1-20.1,167.9-167.9h-104v-28.5h152.4v14.2h.2v138.4Z\"><\/path><\/g><\/g><\/svg>\t\t\t<\/span>\n\t\t\t\t\t\t\t\t\t<span class=\"elementor-button-text\">ENTRIAMO IN CONTATTO<\/span>\n\t\t\t\t\t<\/span>\n\t\t\t\t\t<\/a>\n\t\t\t\t<\/div>\n\t\t\t\t\t\t\t\t<\/div>\n\t\t\t\t<\/div>\n\t\t\t\t<\/div>\n\t\t\t\t<\/div>\n\t\t\t\t<\/div>\n\t\t","protected":false},"excerpt":{"rendered":"<p>IL VALORE ARTIGIANALE PER UN SUONO DI QUALIT\u00c0 MASTERING E CUTTING Il processo di produzione di un vinile inizia dai master, che oggi sono solitamente file digitali ad alta risoluzione. Le tracce audio vengono ascoltate e successivamente ottimizzate, con l&#8217;obiettivo di equilibrare il suono originale con le specificit\u00e0 della riproduzione in vinile.Una volta completato il [&hellip;]<\/p>\n","protected":false},"author":1,"featured_media":0,"parent":0,"menu_order":0,"comment_status":"closed","ping_status":"closed","template":"","meta":{"footnotes":""},"class_list":["post-2307","page","type-page","status-publish","hentry"],"_links":{"self":[{"href":"https:\/\/www.europressvinyl.com\/2025\/wp-json\/wp\/v2\/pages\/2307","targetHints":{"allow":["GET"]}}],"collection":[{"href":"https:\/\/www.europressvinyl.com\/2025\/wp-json\/wp\/v2\/pages"}],"about":[{"href":"https:\/\/www.europressvinyl.com\/2025\/wp-json\/wp\/v2\/types\/page"}],"author":[{"embeddable":true,"href":"https:\/\/www.europressvinyl.com\/2025\/wp-json\/wp\/v2\/users\/1"}],"replies":[{"embeddable":true,"href":"https:\/\/www.europressvinyl.com\/2025\/wp-json\/wp\/v2\/comments?post=2307"}],"version-history":[{"count":114,"href":"https:\/\/www.europressvinyl.com\/2025\/wp-json\/wp\/v2\/pages\/2307\/revisions"}],"predecessor-version":[{"id":3013,"href":"https:\/\/www.europressvinyl.com\/2025\/wp-json\/wp\/v2\/pages\/2307\/revisions\/3013"}],"wp:attachment":[{"href":"https:\/\/www.europressvinyl.com\/2025\/wp-json\/wp\/v2\/media?parent=2307"}],"curies":[{"name":"wp","href":"https:\/\/api.w.org\/{rel}","templated":true}]}}